{"id":1050,"date":"2016-03-25T11:15:18","date_gmt":"2016-03-25T09:15:18","guid":{"rendered":"http:\/\/rogain.ee\/demo2016\/wp\/en\/ta-ok-foorum\/"},"modified":"2016-03-30T19:34:38","modified_gmt":"2016-03-30T16:34:38","slug":"forum","status":"publish","type":"page","link":"https:\/\/rogain.ee\/en\/forum\/","title":{"rendered":"Forum"},"content":{"rendered":"\n<div id=\"bbpress-forums\" class=\"bbpress-wrapper\">\n\n\t\n\t\n\t\n\t\n\t\t\n\t\t\n\t\t\n\t\t\t\n<div class=\"bbp-pagination\">\n\t<div class=\"bbp-pagination-count\">Viewing 10 topics - 1 through 10 (of 72 total)<\/div>\n\t<div class=\"bbp-pagination-links\"><span aria-current=\"page\" class=\"page-numbers current\">1<\/span>\n<a class=\"page-numbers\" href=\"https:\/\/rogain.ee\/en\/ta-ok-foorum\/foorum\/uldine-rogain-arutelu\/page\/2\/\">2<\/a>\n<a class=\"page-numbers\" href=\"https:\/\/rogain.ee\/en\/ta-ok-foorum\/foorum\/uldine-rogain-arutelu\/page\/3\/\">3<\/a>\n<span class=\"page-numbers dots\">&hellip;<\/span>\n<a class=\"page-numbers\" href=\"https:\/\/rogain.ee\/en\/ta-ok-foorum\/foorum\/uldine-rogain-arutelu\/page\/6\/\">6<\/a>\n<a class=\"page-numbers\" href=\"https:\/\/rogain.ee\/en\/ta-ok-foorum\/foorum\/uldine-rogain-arutelu\/page\/7\/\">7<\/a>\n<a class=\"page-numbers\" href=\"https:\/\/rogain.ee\/en\/ta-ok-foorum\/foorum\/uldine-rogain-arutelu\/page\/8\/\">8<\/a>\n<a class=\"next page-numbers\" href=\"https:\/\/rogain.ee\/en\/ta-ok-foorum\/foorum\/uldine-rogain-arutelu\/page\/2\/\">&rarr;<\/a><\/div>\n<\/div>\n\n\n\t\t\t\n<ul id=\"bbp-forum-581\" class=\"bbp-topics\">\n\t<li class=\"bbp-header\">\n\t\t<ul class=\"forum-titles\">\n\t\t\t<li class=\"bbp-topic-title\">Topic<\/li>\n\t\t\t<li class=\"bbp-topic-voice-count\">Voices<\/li>\n\t\t\t<li class=\"bbp-topic-reply-count\">Posts<\/li>\n\t\t\t<li class=\"bbp-topic-freshness\">Last Post<\/li>\n\t\t<\/ul>\n\t<\/li>\n\n\t<li class=\"bbp-body\">\n\n\t\t\n\t\t\t\n<ul id=\"bbp-topic-1871\" class=\"loop-item-0 user-id-0 bbp-parent-forum-581 odd  post-1871 topic type-topic status-publish hentry topic-voices-single\">\n\t<li class=\"bbp-topic-title\">\n\n\t\t\n\t\t\n\t\t<a class=\"bbp-topic-permalink\" href=\"https:\/\/rogain.ee\/en\/ta-ok-foorum\/teema\/kas-on-moni-em-ile-reganud-tiim-kes-ei-saa-osaleda\/\">Kas on m\u00f5ni EM-ile reganud tiim, kes ei saa osaleda?<\/a>\n\n\t\t\n\t\t\n\t\t\n\t\t<p class=\"bbp-topic-meta\">\n\n\t\t\t\n\t\t\t<span class=\"bbp-topic-started-by\">Started by: <span  class=\"bbp-author-avatar\"><img alt='' src='https:\/\/secure.gravatar.com\/avatar\/212546600a7d38fad6e1879ae5193e16?s=14&#038;d=mm&#038;r=g' srcset='https:\/\/secure.gravatar.com\/avatar\/212546600a7d38fad6e1879ae5193e16?s=28&#038;d=mm&#038;r=g 2x' class='avatar avatar-14 photo' height='14' width='14' loading='lazy'\/><\/span><span  class=\"bbp-author-name\">Neeme<\/span><\/span>\n\n\t\t\t\n\t\t\t\n\t\t<\/p>\n\n\t\t\n\t\t\n\t<\/li>\n\n\t<li class=\"bbp-topic-voice-count\">1<\/li>\n\n\t<li class=\"bbp-topic-reply-count\">1<\/li>\n\n\t<li class=\"bbp-topic-freshness\">\n\n\t\t\n\t\t<a href=\"https:\/\/rogain.ee\/en\/ta-ok-foorum\/teema\/kas-on-moni-em-ile-reganud-tiim-kes-ei-saa-osaleda\/\" title=\"Kas on m\u00f5ni EM-ile reganud tiim, kes ei saa osaleda?\">5 years, 9 months ago<\/a>\n\t\t\n\t\t<p class=\"bbp-topic-meta\">\n\n\t\t\t\n\t\t\t<span class=\"bbp-topic-freshness-author\"><span  class=\"bbp-author-avatar\"><img alt='' src='https:\/\/secure.gravatar.com\/avatar\/212546600a7d38fad6e1879ae5193e16?s=14&#038;d=mm&#038;r=g' srcset='https:\/\/secure.gravatar.com\/avatar\/212546600a7d38fad6e1879ae5193e16?s=28&#038;d=mm&#038;r=g 2x' class='avatar avatar-14 photo' height='14' width='14' loading='lazy'\/><\/span><span  class=\"bbp-author-name\">Neeme<\/span><\/span>\n\n\t\t\t\n\t\t<\/p>\n\t<\/li>\n<\/ul><!-- #bbp-topic-1871 -->\n\n\t\t\n\t\t\t\n<ul id=\"bbp-topic-1869\" class=\"loop-item-1 user-id-0 bbp-parent-forum-581 even  post-1869 topic type-topic status-publish hentry topic-voices-single\">\n\t<li class=\"bbp-topic-title\">\n\n\t\t\n\t\t\n\t\t<a class=\"bbp-topic-permalink\" href=\"https:\/\/rogain.ee\/en\/ta-ok-foorum\/teema\/icebug-winter-xdream-19-01-paaskula\/\">Icebug Winter Xdream 19.01 P\u00e4\u00e4sk\u00fcla<\/a>\n\n\t\t\n\t\t\n\t\t\n\t\t<p class=\"bbp-topic-meta\">\n\n\t\t\t\n\t\t\t<span class=\"bbp-topic-started-by\">Started by: <span  class=\"bbp-author-avatar\"><img alt='' src='https:\/\/secure.gravatar.com\/avatar\/390f711d431d1ca9952c302ace2ab8e4?s=14&#038;d=mm&#038;r=g' srcset='https:\/\/secure.gravatar.com\/avatar\/390f711d431d1ca9952c302ace2ab8e4?s=28&#038;d=mm&#038;r=g 2x' class='avatar avatar-14 photo' height='14' width='14' loading='lazy'\/><\/span><span  class=\"bbp-author-name\">Sten-Eric Uibo<\/span><\/span>\n\n\t\t\t\n\t\t\t\n\t\t<\/p>\n\n\t\t\n\t\t\n\t<\/li>\n\n\t<li class=\"bbp-topic-voice-count\">1<\/li>\n\n\t<li class=\"bbp-topic-reply-count\">1<\/li>\n\n\t<li class=\"bbp-topic-freshness\">\n\n\t\t\n\t\t<a href=\"https:\/\/rogain.ee\/en\/ta-ok-foorum\/teema\/icebug-winter-xdream-19-01-paaskula\/\" title=\"Icebug Winter Xdream 19.01 P\u00e4\u00e4sk\u00fcla\">6 years, 3 months ago<\/a>\n\t\t\n\t\t<p class=\"bbp-topic-meta\">\n\n\t\t\t\n\t\t\t<span class=\"bbp-topic-freshness-author\"><span  class=\"bbp-author-avatar\"><img alt='' src='https:\/\/secure.gravatar.com\/avatar\/390f711d431d1ca9952c302ace2ab8e4?s=14&#038;d=mm&#038;r=g' srcset='https:\/\/secure.gravatar.com\/avatar\/390f711d431d1ca9952c302ace2ab8e4?s=28&#038;d=mm&#038;r=g 2x' class='avatar avatar-14 photo' height='14' width='14' loading='lazy'\/><\/span><span  class=\"bbp-author-name\">Sten-Eric Uibo<\/span><\/span>\n\n\t\t\t\n\t\t<\/p>\n\t<\/li>\n<\/ul><!-- #bbp-topic-1869 -->\n\n\t\t\n\t\t\t\n<ul id=\"bbp-topic-1868\" class=\"loop-item-2 user-id-0 bbp-parent-forum-581 odd  post-1868 topic type-topic status-publish hentry topic-voices-single\">\n\t<li class=\"bbp-topic-title\">\n\n\t\t\n\t\t\n\t\t<a class=\"bbp-topic-permalink\" href=\"https:\/\/rogain.ee\/en\/ta-ok-foorum\/teema\/leitud-asjad\/\">Leitud asjad<\/a>\n\n\t\t\n\t\t\n\t\t\n\t\t<p class=\"bbp-topic-meta\">\n\n\t\t\t\n\t\t\t<span class=\"bbp-topic-started-by\">Started by: <span  class=\"bbp-author-avatar\"><img alt='' src='https:\/\/secure.gravatar.com\/avatar\/305d43525b6d280b54edd1720855e309?s=14&#038;d=mm&#038;r=g' srcset='https:\/\/secure.gravatar.com\/avatar\/305d43525b6d280b54edd1720855e309?s=28&#038;d=mm&#038;r=g 2x' class='avatar avatar-14 photo' height='14' width='14' loading='lazy'\/><\/span><span  class=\"bbp-author-name\">Lauri Leppik<\/span><\/span>\n\n\t\t\t\n\t\t\t\n\t\t<\/p>\n\n\t\t\n\t\t\n\t<\/li>\n\n\t<li class=\"bbp-topic-voice-count\">1<\/li>\n\n\t<li class=\"bbp-topic-reply-count\">1<\/li>\n\n\t<li class=\"bbp-topic-freshness\">\n\n\t\t\n\t\t<a href=\"https:\/\/rogain.ee\/en\/ta-ok-foorum\/teema\/leitud-asjad\/\" title=\"Leitud asjad\">6 years, 6 months ago<\/a>\n\t\t\n\t\t<p class=\"bbp-topic-meta\">\n\n\t\t\t\n\t\t\t<span class=\"bbp-topic-freshness-author\"><span  class=\"bbp-author-avatar\"><img alt='' src='https:\/\/secure.gravatar.com\/avatar\/305d43525b6d280b54edd1720855e309?s=14&#038;d=mm&#038;r=g' srcset='https:\/\/secure.gravatar.com\/avatar\/305d43525b6d280b54edd1720855e309?s=28&#038;d=mm&#038;r=g 2x' class='avatar avatar-14 photo' height='14' width='14' loading='lazy'\/><\/span><span  class=\"bbp-author-name\">Lauri Leppik<\/span><\/span>\n\n\t\t\t\n\t\t<\/p>\n\t<\/li>\n<\/ul><!-- #bbp-topic-1868 -->\n\n\t\t\n\t\t\t\n<ul id=\"bbp-topic-1866\" class=\"loop-item-3 user-id-0 bbp-parent-forum-581 even  post-1866 topic type-topic status-publish hentry topic-voices-single\">\n\t<li class=\"bbp-topic-title\">\n\n\t\t\n\t\t\n\t\t<a class=\"bbp-topic-permalink\" href=\"https:\/\/rogain.ee\/en\/ta-ok-foorum\/teema\/xx-taok-rogain-loplikud-tulemused\/\">XX TAOK rogain &#8211; l\u00f5plikud tulemused<\/a>\n\n\t\t\n\t\t\n\t\t\n\t\t<p class=\"bbp-topic-meta\">\n\n\t\t\t\n\t\t\t<span class=\"bbp-topic-started-by\">Started by: <span  class=\"bbp-author-avatar\"><img alt='' src='https:\/\/secure.gravatar.com\/avatar\/305d43525b6d280b54edd1720855e309?s=14&#038;d=mm&#038;r=g' srcset='https:\/\/secure.gravatar.com\/avatar\/305d43525b6d280b54edd1720855e309?s=28&#038;d=mm&#038;r=g 2x' class='avatar avatar-14 photo' height='14' width='14' loading='lazy'\/><\/span><span  class=\"bbp-author-name\">Lauri Leppik<\/span><\/span>\n\n\t\t\t\n\t\t\t\n\t\t<\/p>\n\n\t\t\n\t\t\n\t<\/li>\n\n\t<li class=\"bbp-topic-voice-count\">1<\/li>\n\n\t<li class=\"bbp-topic-reply-count\">2<\/li>\n\n\t<li class=\"bbp-topic-freshness\">\n\n\t\t\n\t\t<a href=\"https:\/\/rogain.ee\/en\/ta-ok-foorum\/teema\/xx-taok-rogain-loplikud-tulemused\/#post-1867\" title=\"Reply To: XX TAOK rogain &#8211; l\u00f5plikud tulemused\">6 years, 6 months ago<\/a>\n\t\t\n\t\t<p class=\"bbp-topic-meta\">\n\n\t\t\t\n\t\t\t<span class=\"bbp-topic-freshness-author\"><span  class=\"bbp-author-avatar\"><img alt='' src='https:\/\/secure.gravatar.com\/avatar\/59e2db912c89312129bc0f3446a680c3?s=14&#038;d=mm&#038;r=g' srcset='https:\/\/secure.gravatar.com\/avatar\/59e2db912c89312129bc0f3446a680c3?s=28&#038;d=mm&#038;r=g 2x' class='avatar avatar-14 photo' height='14' width='14' loading='lazy'\/><\/span><span  class=\"bbp-author-name\">Priit<\/span><\/span>\n\n\t\t\t\n\t\t<\/p>\n\t<\/li>\n<\/ul><!-- #bbp-topic-1866 -->\n\n\t\t\n\t\t\t\n<ul id=\"bbp-topic-1861\" class=\"loop-item-4 user-id-0 bbp-parent-forum-581 odd  post-1861 topic type-topic status-publish hentry topic-voices-single\">\n\t<li class=\"bbp-topic-title\">\n\n\t\t\n\t\t\n\t\t<a class=\"bbp-topic-permalink\" href=\"https:\/\/rogain.ee\/en\/ta-ok-foorum\/teema\/kell-gpsiga-ok-voi-keelatud\/\">Kell GPSiga &#8211; OK v\u00f5i KEELATUD?<\/a>\n\n\t\t\n\t\t\n\t\t\n\t\t<p class=\"bbp-topic-meta\">\n\n\t\t\t\n\t\t\t<span class=\"bbp-topic-started-by\">Started by: <span  class=\"bbp-author-avatar\"><img alt='' src='https:\/\/secure.gravatar.com\/avatar\/32fc5e9619eced835a294cfd4060db7c?s=14&#038;d=mm&#038;r=g' srcset='https:\/\/secure.gravatar.com\/avatar\/32fc5e9619eced835a294cfd4060db7c?s=28&#038;d=mm&#038;r=g 2x' class='avatar avatar-14 photo' height='14' width='14' loading='lazy'\/><\/span><span  class=\"bbp-author-name\">Silver<\/span><\/span>\n\n\t\t\t\n\t\t\t\n\t\t<\/p>\n\n\t\t\n\t\t\n\t<\/li>\n\n\t<li class=\"bbp-topic-voice-count\">1<\/li>\n\n\t<li class=\"bbp-topic-reply-count\">3<\/li>\n\n\t<li class=\"bbp-topic-freshness\">\n\n\t\t\n\t\t<a href=\"https:\/\/rogain.ee\/en\/ta-ok-foorum\/teema\/kell-gpsiga-ok-voi-keelatud\/#post-1865\" title=\"Reply To: Kell GPSiga &#8211; OK v\u00f5i KEELATUD?\">6 years, 6 months ago<\/a>\n\t\t\n\t\t<p class=\"bbp-topic-meta\">\n\n\t\t\t\n\t\t\t<span class=\"bbp-topic-freshness-author\"><span  class=\"bbp-author-avatar\"><img alt='' src='https:\/\/secure.gravatar.com\/avatar\/305d43525b6d280b54edd1720855e309?s=14&#038;d=mm&#038;r=g' srcset='https:\/\/secure.gravatar.com\/avatar\/305d43525b6d280b54edd1720855e309?s=28&#038;d=mm&#038;r=g 2x' class='avatar avatar-14 photo' height='14' width='14' loading='lazy'\/><\/span><span  class=\"bbp-author-name\">Lauri Leppik<\/span><\/span>\n\n\t\t\t\n\t\t<\/p>\n\t<\/li>\n<\/ul><!-- #bbp-topic-1861 -->\n\n\t\t\n\t\t\t\n<ul id=\"bbp-topic-1860\" class=\"loop-item-5 user-id-0 bbp-parent-forum-581 even  post-1860 topic type-topic status-publish hentry topic-voices-single\">\n\t<li class=\"bbp-topic-title\">\n\n\t\t\n\t\t\n\t\t<a class=\"bbp-topic-permalink\" href=\"https:\/\/rogain.ee\/en\/ta-ok-foorum\/teema\/pakun-ennast-asendusliikmeks\/\">Pakun ennast asendusliikmeks<\/a>\n\n\t\t\n\t\t\n\t\t\n\t\t<p class=\"bbp-topic-meta\">\n\n\t\t\t\n\t\t\t<span class=\"bbp-topic-started-by\">Started by: <span  class=\"bbp-author-avatar\"><img alt='' src='https:\/\/secure.gravatar.com\/avatar\/a5c6851977dcacc328afd4e263dcd2f4?s=14&#038;d=mm&#038;r=g' srcset='https:\/\/secure.gravatar.com\/avatar\/a5c6851977dcacc328afd4e263dcd2f4?s=28&#038;d=mm&#038;r=g 2x' class='avatar avatar-14 photo' height='14' width='14' loading='lazy'\/><\/span><span  class=\"bbp-author-name\">Peeter<\/span><\/span>\n\n\t\t\t\n\t\t\t\n\t\t<\/p>\n\n\t\t\n\t\t\n\t<\/li>\n\n\t<li class=\"bbp-topic-voice-count\">1<\/li>\n\n\t<li class=\"bbp-topic-reply-count\">2<\/li>\n\n\t<li class=\"bbp-topic-freshness\">\n\n\t\t\n\t\t<a href=\"https:\/\/rogain.ee\/en\/ta-ok-foorum\/teema\/pakun-ennast-asendusliikmeks\/#post-1864\" title=\"Reply To: Pakun ennast asendusliikmeks\">6 years, 6 months ago<\/a>\n\t\t\n\t\t<p class=\"bbp-topic-meta\">\n\n\t\t\t\n\t\t\t<span class=\"bbp-topic-freshness-author\"><span  class=\"bbp-author-avatar\"><img alt='' src='https:\/\/secure.gravatar.com\/avatar\/a5c6851977dcacc328afd4e263dcd2f4?s=14&#038;d=mm&#038;r=g' srcset='https:\/\/secure.gravatar.com\/avatar\/a5c6851977dcacc328afd4e263dcd2f4?s=28&#038;d=mm&#038;r=g 2x' class='avatar avatar-14 photo' height='14' width='14' loading='lazy'\/><\/span><span  class=\"bbp-author-name\">Peeter<\/span><\/span>\n\n\t\t\t\n\t\t<\/p>\n\t<\/li>\n<\/ul><!-- #bbp-topic-1860 -->\n\n\t\t\n\t\t\t\n<ul id=\"bbp-topic-1856\" class=\"loop-item-6 user-id-0 bbp-parent-forum-581 odd  post-1856 topic type-topic status-publish hentry topic-voices-single\">\n\t<li class=\"bbp-topic-title\">\n\n\t\t\n\t\t\n\t\t<a class=\"bbp-topic-permalink\" href=\"https:\/\/rogain.ee\/en\/ta-ok-foorum\/teema\/otsin-voistkonda-teist-liiget\/\">Otsin v\u00f5istkonda teist liiget<\/a>\n\n\t\t\n\t\t\n\t\t\n\t\t<p class=\"bbp-topic-meta\">\n\n\t\t\t\n\t\t\t<span class=\"bbp-topic-started-by\">Started by: <span  class=\"bbp-author-avatar\"><img alt='' src='https:\/\/secure.gravatar.com\/avatar\/6326b337ce77e575a684e1a2f4bbd6e3?s=14&#038;d=mm&#038;r=g' srcset='https:\/\/secure.gravatar.com\/avatar\/6326b337ce77e575a684e1a2f4bbd6e3?s=28&#038;d=mm&#038;r=g 2x' class='avatar avatar-14 photo' height='14' width='14' loading='lazy'\/><\/span><span  class=\"bbp-author-name\">Artur<\/span><\/span>\n\n\t\t\t\n\t\t\t\n\t\t<\/p>\n\n\t\t\n\t\t\n\t<\/li>\n\n\t<li class=\"bbp-topic-voice-count\">1<\/li>\n\n\t<li class=\"bbp-topic-reply-count\">3<\/li>\n\n\t<li class=\"bbp-topic-freshness\">\n\n\t\t\n\t\t<a href=\"https:\/\/rogain.ee\/en\/ta-ok-foorum\/teema\/otsin-voistkonda-teist-liiget\/#post-1863\" title=\"Reply To: Otsin v\u00f5istkonda teist liiget\">6 years, 6 months ago<\/a>\n\t\t\n\t\t<p class=\"bbp-topic-meta\">\n\n\t\t\t\n\t\t\t<span class=\"bbp-topic-freshness-author\"><span  class=\"bbp-author-avatar\"><img alt='' src='https:\/\/secure.gravatar.com\/avatar\/212546600a7d38fad6e1879ae5193e16?s=14&#038;d=mm&#038;r=g' srcset='https:\/\/secure.gravatar.com\/avatar\/212546600a7d38fad6e1879ae5193e16?s=28&#038;d=mm&#038;r=g 2x' class='avatar avatar-14 photo' height='14' width='14' loading='lazy'\/><\/span><span  class=\"bbp-author-name\">Neeme<\/span><\/span>\n\n\t\t\t\n\t\t<\/p>\n\t<\/li>\n<\/ul><!-- #bbp-topic-1856 -->\n\n\t\t\n\t\t\t\n<ul id=\"bbp-topic-1859\" class=\"loop-item-7 user-id-0 bbp-parent-forum-581 even  post-1859 topic type-topic status-publish hentry topic-voices-single\">\n\t<li class=\"bbp-topic-title\">\n\n\t\t\n\t\t\n\t\t<a class=\"bbp-topic-permalink\" href=\"https:\/\/rogain.ee\/en\/ta-ok-foorum\/teema\/transport-peale-taoki\/\">Transport peale TAOKi<\/a>\n\n\t\t\n\t\t\n\t\t\n\t\t<p class=\"bbp-topic-meta\">\n\n\t\t\t\n\t\t\t<span class=\"bbp-topic-started-by\">Started by: <span  class=\"bbp-author-avatar\"><img alt='' src='https:\/\/secure.gravatar.com\/avatar\/30bbaa9ef800c57bcb10c5ffb07f26d7?s=14&#038;d=mm&#038;r=g' srcset='https:\/\/secure.gravatar.com\/avatar\/30bbaa9ef800c57bcb10c5ffb07f26d7?s=28&#038;d=mm&#038;r=g 2x' class='avatar avatar-14 photo' height='14' width='14' loading='lazy'\/><\/span><span  class=\"bbp-author-name\">Marju<\/span><\/span>\n\n\t\t\t\n\t\t\t\n\t\t<\/p>\n\n\t\t\n\t\t\n\t<\/li>\n\n\t<li class=\"bbp-topic-voice-count\">1<\/li>\n\n\t<li class=\"bbp-topic-reply-count\">1<\/li>\n\n\t<li class=\"bbp-topic-freshness\">\n\n\t\t\n\t\t<a href=\"https:\/\/rogain.ee\/en\/ta-ok-foorum\/teema\/transport-peale-taoki\/\" title=\"Transport peale TAOKi\">6 years, 6 months ago<\/a>\n\t\t\n\t\t<p class=\"bbp-topic-meta\">\n\n\t\t\t\n\t\t\t<span class=\"bbp-topic-freshness-author\"><span  class=\"bbp-author-avatar\"><img alt='' src='https:\/\/secure.gravatar.com\/avatar\/30bbaa9ef800c57bcb10c5ffb07f26d7?s=14&#038;d=mm&#038;r=g' srcset='https:\/\/secure.gravatar.com\/avatar\/30bbaa9ef800c57bcb10c5ffb07f26d7?s=28&#038;d=mm&#038;r=g 2x' class='avatar avatar-14 photo' height='14' width='14' loading='lazy'\/><\/span><span  class=\"bbp-author-name\">Marju<\/span><\/span>\n\n\t\t\t\n\t\t<\/p>\n\t<\/li>\n<\/ul><!-- #bbp-topic-1859 -->\n\n\t\t\n\t\t\t\n<ul id=\"bbp-topic-1857\" class=\"loop-item-8 user-id-0 bbp-parent-forum-581 odd  post-1857 topic type-topic status-publish hentry topic-voices-single\">\n\t<li class=\"bbp-topic-title\">\n\n\t\t\n\t\t\n\t\t<a class=\"bbp-topic-permalink\" href=\"https:\/\/rogain.ee\/en\/ta-ok-foorum\/teema\/48h-rogainid\/\">48h rogainid<\/a>\n\n\t\t\n\t\t\n\t\t\n\t\t<p class=\"bbp-topic-meta\">\n\n\t\t\t\n\t\t\t<span class=\"bbp-topic-started-by\">Started by: <span  class=\"bbp-author-avatar\"><img alt='' src='https:\/\/secure.gravatar.com\/avatar\/3b9e6db83564e08dbd252cc6ffe2aedc?s=14&#038;d=mm&#038;r=g' srcset='https:\/\/secure.gravatar.com\/avatar\/3b9e6db83564e08dbd252cc6ffe2aedc?s=28&#038;d=mm&#038;r=g 2x' class='avatar avatar-14 photo' height='14' width='14' loading='lazy'\/><\/span><span  class=\"bbp-author-name\">Reigo<\/span><\/span>\n\n\t\t\t\n\t\t\t\n\t\t<\/p>\n\n\t\t\n\t\t\n\t<\/li>\n\n\t<li class=\"bbp-topic-voice-count\">1<\/li>\n\n\t<li class=\"bbp-topic-reply-count\">1<\/li>\n\n\t<li class=\"bbp-topic-freshness\">\n\n\t\t\n\t\t<a href=\"https:\/\/rogain.ee\/en\/ta-ok-foorum\/teema\/48h-rogainid\/\" title=\"48h rogainid\">6 years, 6 months ago<\/a>\n\t\t\n\t\t<p class=\"bbp-topic-meta\">\n\n\t\t\t\n\t\t\t<span class=\"bbp-topic-freshness-author\"><span  class=\"bbp-author-avatar\"><img alt='' src='https:\/\/secure.gravatar.com\/avatar\/3b9e6db83564e08dbd252cc6ffe2aedc?s=14&#038;d=mm&#038;r=g' srcset='https:\/\/secure.gravatar.com\/avatar\/3b9e6db83564e08dbd252cc6ffe2aedc?s=28&#038;d=mm&#038;r=g 2x' class='avatar avatar-14 photo' height='14' width='14' loading='lazy'\/><\/span><span  class=\"bbp-author-name\">Reigo<\/span><\/span>\n\n\t\t\t\n\t\t<\/p>\n\t<\/li>\n<\/ul><!-- #bbp-topic-1857 -->\n\n\t\t\n\t\t\t\n<ul id=\"bbp-topic-1831\" class=\"loop-item-9 user-id-3 bbp-parent-forum-581 even  post-1831 topic type-topic status-publish hentry topic-voices-multi\">\n\t<li class=\"bbp-topic-title\">\n\n\t\t\n\t\t\n\t\t<a class=\"bbp-topic-permalink\" href=\"https:\/\/rogain.ee\/en\/ta-ok-foorum\/teema\/taok-rogain-2019\/\">TAOK rogain 2019<\/a>\n\n\t\t\n\t\t\n\t\t\n\t\t<p class=\"bbp-topic-meta\">\n\n\t\t\t\n\t\t\t<span class=\"bbp-topic-started-by\">Started by: <a href=\"https:\/\/rogain.ee\/en\/ta-ok-foorum\/kasutajad\/anton\/\" title=\"View Anton Roolaid&#039;s profile\" class=\"bbp-author-link\"><span  class=\"bbp-author-avatar\"><img alt='' src='https:\/\/secure.gravatar.com\/avatar\/246f547b065e724516e611def440abc0?s=14&#038;d=mm&#038;r=g' srcset='https:\/\/secure.gravatar.com\/avatar\/246f547b065e724516e611def440abc0?s=28&#038;d=mm&#038;r=g 2x' class='avatar avatar-14 photo' height='14' width='14' loading='lazy'\/><\/span><span  class=\"bbp-author-name\">Anton Roolaid<\/span><\/a><\/span>\n\n\t\t\t\n\t\t\t\n\t\t<\/p>\n\n\t\t\n\t\t\n\t<\/li>\n\n\t<li class=\"bbp-topic-voice-count\">2<\/li>\n\n\t<li class=\"bbp-topic-reply-count\">2<\/li>\n\n\t<li class=\"bbp-topic-freshness\">\n\n\t\t\n\t\t<a href=\"https:\/\/rogain.ee\/en\/ta-ok-foorum\/teema\/taok-rogain-2019\/#post-1838\" title=\"Reply To: TAOK rogain 2019\">6 years, 7 months ago<\/a>\n\t\t\n\t\t<p class=\"bbp-topic-meta\">\n\n\t\t\t\n\t\t\t<span class=\"bbp-topic-freshness-author\"><span  class=\"bbp-author-avatar\"><img alt='' src='https:\/\/secure.gravatar.com\/avatar\/4776c33bc1b5894b1f88a0849b03217d?s=14&#038;d=mm&#038;r=g' srcset='https:\/\/secure.gravatar.com\/avatar\/4776c33bc1b5894b1f88a0849b03217d?s=28&#038;d=mm&#038;r=g 2x' class='avatar avatar-14 photo' height='14' width='14' loading='lazy'\/><\/span><span  class=\"bbp-author-name\">Henn<\/span><\/span>\n\n\t\t\t\n\t\t<\/p>\n\t<\/li>\n<\/ul><!-- #bbp-topic-1831 -->\n\n\t\t\n\t<\/li>\n\n\t<li class=\"bbp-footer\">\n\t\t<div class=\"tr\">\n\t\t\t<p>\n\t\t\t\t<span class=\"td colspan4\">&nbsp;<\/span>\n\t\t\t<\/p>\n\t\t<\/div><!-- .tr -->\n\t<\/li>\n<\/ul><!-- #bbp-forum-581 -->\n\n\n\t\t\t\n<div class=\"bbp-pagination\">\n\t<div class=\"bbp-pagination-count\">Viewing 10 topics - 1 through 10 (of 72 total)<\/div>\n\t<div class=\"bbp-pagination-links\"><span aria-current=\"page\" class=\"page-numbers current\">1<\/span>\n<a class=\"page-numbers\" href=\"https:\/\/rogain.ee\/en\/ta-ok-foorum\/foorum\/uldine-rogain-arutelu\/page\/2\/\">2<\/a>\n<a class=\"page-numbers\" href=\"https:\/\/rogain.ee\/en\/ta-ok-foorum\/foorum\/uldine-rogain-arutelu\/page\/3\/\">3<\/a>\n<span class=\"page-numbers dots\">&hellip;<\/span>\n<a class=\"page-numbers\" href=\"https:\/\/rogain.ee\/en\/ta-ok-foorum\/foorum\/uldine-rogain-arutelu\/page\/6\/\">6<\/a>\n<a class=\"page-numbers\" href=\"https:\/\/rogain.ee\/en\/ta-ok-foorum\/foorum\/uldine-rogain-arutelu\/page\/7\/\">7<\/a>\n<a class=\"page-numbers\" href=\"https:\/\/rogain.ee\/en\/ta-ok-foorum\/foorum\/uldine-rogain-arutelu\/page\/8\/\">8<\/a>\n<a class=\"next page-numbers\" href=\"https:\/\/rogain.ee\/en\/ta-ok-foorum\/foorum\/uldine-rogain-arutelu\/page\/2\/\">&rarr;<\/a><\/div>\n<\/div>\n\n\n\t\t\t\n\n\n\t<div id=\"new-topic-0\" class=\"bbp-topic-form\">\n\n\t\t<form id=\"new-post\" name=\"new-post\" method=\"post\">\n\n\t\t\t\n\t\t\t<fieldset class=\"bbp-form\">\n\t\t\t\t<legend>\n\n\t\t\t\t\tCreate New Topic in &ldquo;\u00dcldine Rogain arutelu&rdquo;\n\t\t\t\t<\/legend>\n\n\t\t\t\t\n\t\t\t\t\n\t\t\t\t\n\t\t\t\t\n\t\t\t\t<div>\n\n\t\t\t\t\t\n\t\n\t<fieldset class=\"bbp-form\">\n\t\t<legend>Your information:<\/legend>\n\n\t\t\n\t\t<p>\n\t\t\t<label for=\"bbp_anonymous_author\">Name (required):<\/label><br \/>\n\t\t\t<input type=\"text\" id=\"bbp_anonymous_author\"  value=\"\" size=\"40\" maxlength=\"100\" name=\"bbp_anonymous_name\" autocomplete=\"off\" \/>\n\t\t<\/p>\n\n\t\t<p>\n\t\t\t<label for=\"bbp_anonymous_email\">Mail (will not be published) (required):<\/label><br \/>\n\t\t\t<input type=\"text\" id=\"bbp_anonymous_email\"   value=\"\" size=\"40\" maxlength=\"100\" name=\"bbp_anonymous_email\" \/>\n\t\t<\/p>\n\n\t\t<p>\n\t\t\t<label for=\"bbp_anonymous_website\">Website:<\/label><br \/>\n\t\t\t<input type=\"text\" id=\"bbp_anonymous_website\" value=\"\" size=\"40\" maxlength=\"200\" name=\"bbp_anonymous_website\" \/>\n\t\t<\/p>\n\n\t\t\n\t<\/fieldset>\n\n\t\n\n\t\t\t\t\t\n\t\t\t\t\t<p>\n\t\t\t\t\t\t<label for=\"bbp_topic_title\">Topic Title (Maximum Length: 80):<\/label><br \/>\n\t\t\t\t\t\t<input type=\"text\" id=\"bbp_topic_title\" value=\"\" size=\"40\" name=\"bbp_topic_title\" maxlength=\"80\" \/>\n\t\t\t\t\t<\/p>\n\n\t\t\t\t\t\n\t\t\t\t\t\n\t\t\t\t\t<div class=\"bbp-the-content-wrapper\"><div id=\"wp-bbp_topic_content-wrap\" class=\"wp-core-ui wp-editor-wrap html-active\"><link rel='stylesheet' id='dashicons-css'  href='https:\/\/rogain.ee\/wp-includes\/css\/dashicons.min.css?ver=5.8.13' type='text\/css' media='all' \/>\n<link rel='stylesheet' id='editor-buttons-css'  href='https:\/\/rogain.ee\/wp-includes\/css\/editor.min.css?ver=5.8.13' type='text\/css' media='all' \/>\n<div id=\"wp-bbp_topic_content-editor-container\" class=\"wp-editor-container\"><div id=\"qt_bbp_topic_content_toolbar\" class=\"quicktags-toolbar hide-if-no-js\"><\/div><textarea class=\"bbp-the-content wp-editor-area\" rows=\"12\" cols=\"40\" name=\"bbp_topic_content\" id=\"bbp_topic_content\"><\/textarea><\/div>\n<\/div>\n\n<\/div>\n\t\t\t\t\t\n\t\t\t\t\t\n\t\t\t\t\t\n\t\t\t\t\t\n\t\t\t\t\t\n\t\t\t\t\t\n\t\t\t\t\t\n\t\t\t\t\t<div class=\"g-recaptcha\" data-sitekey=\"6LeorRMUAAAAAEkw5eO-wQobJA1zcFKuclaU3Tyu\"><\/div><script type=\"text\/javascript\" src=\"https:\/\/www.google.com\/recaptcha\/api.js?hl=en\"><\/script>\n\t\t\t\t\t<div class=\"bbp-submit-wrapper\">\n\n\t\t\t\t\t\t\n\t\t\t\t\t\t<button type=\"submit\" id=\"bbp_topic_submit\" name=\"bbp_topic_submit\" class=\"button submit\">Submit<\/button>\n\n\t\t\t\t\t\t\n\t\t\t\t\t<\/div>\n\n\t\t\t\t\t\n\t\t\t\t<\/div>\n\n\t\t\t\t\n\t\t\t<input type=\"hidden\" name=\"bbp_forum_id\" id=\"bbp_forum_id\" value=\"581\" \/>\n\n\t\t\n\t\t<input type=\"hidden\" name=\"action\" id=\"bbp_post_action\" value=\"bbp-new-topic\" \/>\n\n\t\t\n\t\t<input type=\"hidden\" id=\"_wpnonce\" name=\"_wpnonce\" value=\"5cae53a114\" \/><input type=\"hidden\" name=\"_wp_http_referer\" value=\"\/en\/wp-json\/wp\/v2\/pages\/1050\" \/>\n\t\t\t<\/fieldset>\n\n\t\t\t\n\t\t<\/form>\n\t<\/div>\n\n\n\n\t\t\n\t\n\t\n<\/div>\n\n<div id=\"spoon-plugin-kncgbdglledmjmpnikebkagnchfdehbm-2\" style=\"display: none;\"><\/div>\n","protected":false},"excerpt":{"rendered":"","protected":false},"author":1,"featured_media":0,"parent":0,"menu_order":0,"comment_status":"closed","ping_status":"closed","template":"","meta":{"_bbp_topic_count":0,"_bbp_reply_count":0,"_bbp_total_topic_count":0,"_bbp_total_reply_count":0,"_bbp_voice_count":0,"_bbp_anonymous_reply_count":0,"_bbp_topic_count_hidden":0,"_bbp_reply_count_hidden":0,"_bbp_forum_subforum_count":0},"_links":{"self":[{"href":"https:\/\/rogain.ee\/en\/wp-json\/wp\/v2\/pages\/1050"}],"collection":[{"href":"https:\/\/rogain.ee\/en\/wp-json\/wp\/v2\/pages"}],"about":[{"href":"https:\/\/rogain.ee\/en\/wp-json\/wp\/v2\/types\/page"}],"author":[{"embeddable":true,"href":"https:\/\/rogain.ee\/en\/wp-json\/wp\/v2\/users\/1"}],"replies":[{"embeddable":true,"href":"https:\/\/rogain.ee\/en\/wp-json\/wp\/v2\/comments?post=1050"}],"version-history":[{"count":2,"href":"https:\/\/rogain.ee\/en\/wp-json\/wp\/v2\/pages\/1050\/revisions"}],"predecessor-version":[{"id":1156,"href":"https:\/\/rogain.ee\/en\/wp-json\/wp\/v2\/pages\/1050\/revisions\/1156"}],"wp:attachment":[{"href":"https:\/\/rogain.ee\/en\/wp-json\/wp\/v2\/media?parent=1050"}],"curies":[{"name":"wp","href":"https:\/\/api.w.org\/{rel}","templated":true}]}}